{"id":158,"date":"2018-12-06T12:49:02","date_gmt":"2018-12-06T12:49:02","guid":{"rendered":"https:\/\/aulavirtual.omepsco.com\/index.php\/about\/"},"modified":"2023-07-10T16:31:31","modified_gmt":"2023-07-10T21:31:31","slug":"about","status":"publish","type":"page","link":"https:\/\/aulavirtual.omepsco.com\/en_us\/about\/","title":{"rendered":"Acerca de Nosotros"},"content":{"rendered":"\t\t<div data-elementor-type=\"wp-post\" data-elementor-id=\"158\" class=\"elementor elementor-158\" data-elementor-post-type=\"page\">\n\t\t\t\t\t\t\t\t\t<section class=\"elementor-section elementor-top-section elementor-element elementor-element-9690a79 elementor-section-full_width elementor-section-height-default elementor-section-height-default\" data-id=\"9690a79\" data-element_type=\"section\" data-settings=\"{&quot;background_background&quot;:&quot;classic&quot;}\">\n\t\t\t\t\t\t<div class=\"elementor-container elementor-column-gap-default\">\n\t\t\t\t\t<div class=\"elementor-column elementor-col-100 elementor-top-column elementor-element elementor-element-69d31e9\" data-id=\"69d31e9\" data-element_type=\"column\">\n\t\t\t<div class=\"elementor-widget-wrap elementor-element-populated\">\n\t\t\t\t\t\t\t\t<div class=\"elementor-element elementor-element-b3f3576 elementor-position-top elementor-vertical-align-top elementor-widget elementor-widget-image-box\" data-id=\"b3f3576\" data-element_type=\"widget\" data-widget_type=\"image-box.default\">\n\t\t\t\t<div class=\"elementor-widget-container\">\n\t\t\t<style>\/*! elementor - v3.14.0 - 26-06-2023 *\/\n.elementor-widget-image-box .elementor-image-box-content{width:100%}@media (min-width:768px){.elementor-widget-image-box.elementor-position-left .elementor-image-box-wrapper,.elementor-widget-image-box.elementor-position-right .elementor-image-box-wrapper{display:flex}.elementor-widget-image-box.elementor-position-right .elementor-image-box-wrapper{text-align:right;flex-direction:row-reverse}.elementor-widget-image-box.elementor-position-left .elementor-image-box-wrapper{text-align:left;flex-direction:row}.elementor-widget-image-box.elementor-position-top .elementor-image-box-img{margin:auto}.elementor-widget-image-box.elementor-vertical-align-top .elementor-image-box-wrapper{align-items:flex-start}.elementor-widget-image-box.elementor-vertical-align-middle .elementor-image-box-wrapper{align-items:center}.elementor-widget-image-box.elementor-vertical-align-bottom .elementor-image-box-wrapper{align-items:flex-end}}@media (max-width:767px){.elementor-widget-image-box .elementor-image-box-img{margin-left:auto!important;margin-right:auto!important;margin-bottom:15px}}.elementor-widget-image-box .elementor-image-box-img{display:inline-block}.elementor-widget-image-box .elementor-image-box-title a{color:inherit}.elementor-widget-image-box .elementor-image-box-wrapper{text-align:center}.elementor-widget-image-box .elementor-image-box-description{margin:0}<\/style><div class=\"elementor-image-box-wrapper\"><div class=\"elementor-image-box-content\"><h1 class=\"elementor-image-box-title\">Acerca de Nosotros<\/h1><\/div><\/div>\t\t<\/div>\n\t\t\t\t<\/div>\n\t\t\t\t\t<\/div>\n\t\t<\/div>\n\t\t\t\t\t\t\t<\/div>\n\t\t<\/section>\n\t\t\t\t<section class=\"elementor-section elementor-top-section elementor-element elementor-element-ff16e07 elementor-section-boxed elementor-section-height-default elementor-section-height-default\" data-id=\"ff16e07\" data-element_type=\"section\">\n\t\t\t\t\t\t<div class=\"elementor-container elementor-column-gap-default\">\n\t\t\t\t\t<div class=\"elementor-column elementor-col-100 elementor-top-column elementor-element elementor-element-9414dd1\" data-id=\"9414dd1\" data-element_type=\"column\">\n\t\t\t<div class=\"elementor-widget-wrap elementor-element-populated\">\n\t\t\t\t\t\t\t\t<div class=\"elementor-element elementor-element-eb57870 elementor-widget elementor-widget-text-editor\" data-id=\"eb57870\" data-element_type=\"widget\" data-widget_type=\"text-editor.default\">\n\t\t\t\t<div class=\"elementor-widget-container\">\n\t\t\t<style>\/*! elementor - v3.14.0 - 26-06-2023 *\/\n.elementor-widget-text-editor.elementor-drop-cap-view-stacked .elementor-drop-cap{background-color:#69727d;color:#fff}.elementor-widget-text-editor.elementor-drop-cap-view-framed .elementor-drop-cap{color:#69727d;border:3px solid;background-color:transparent}.elementor-widget-text-editor:not(.elementor-drop-cap-view-default) .elementor-drop-cap{margin-top:8px}.elementor-widget-text-editor:not(.elementor-drop-cap-view-default) .elementor-drop-cap-letter{width:1em;height:1em}.elementor-widget-text-editor .elementor-drop-cap{float:left;text-align:center;line-height:1;font-size:50px}.elementor-widget-text-editor .elementor-drop-cap-letter{display:inline-block}<\/style>\t\t\t\t<p align=\"justify\"><strong><span lang=\"es-CO\">En OMEPS estamos dispuestos a ofrecer desde el primer contacto, suministro de producto o servicio, la resoluci\u00f3n de inquietudes y el acompa\u00f1amiento que su empresa necesita, estamos comprometidos con brindar la respuesta a sus requerimientos, garantizando siempre la soluci\u00f3n m\u00e1s econ\u00f3mica y eficiente para su organizaci\u00f3n. Su bienestar y el de su empresa son nuestra raz\u00f3n de ser.<\/span><\/strong><\/p>\t\t\t\t\t\t<\/div>\n\t\t\t\t<\/div>\n\t\t\t\t\t<\/div>\n\t\t<\/div>\n\t\t\t\t\t\t\t<\/div>\n\t\t<\/section>\n\t\t\t\t<section class=\"elementor-section elementor-top-section elementor-element elementor-element-956eb93 elementor-section-content-middle elementor-section-boxed elementor-section-height-default elementor-section-height-default\" data-id=\"956eb93\" data-element_type=\"section\" data-settings=\"{&quot;background_background&quot;:&quot;classic&quot;,&quot;shape_divider_bottom&quot;:&quot;waves&quot;}\">\n\t\t\t\t\t<div class=\"elementor-shape elementor-shape-bottom\" data-negative=\"false\">\n\t\t\t<svg xmlns=\"http:\/\/www.w3.org\/2000\/svg\" viewBox=\"0 0 1000 100\" preserveAspectRatio=\"none\">\n\t<path class=\"elementor-shape-fill\" d=\"M421.9,6.5c22.6-2.5,51.5,0.4,75.5,5.3c23.6,4.9,70.9,23.5,100.5,35.7c75.8,32.2,133.7,44.5,192.6,49.7\n\tc23.6,2.1,48.7,3.5,103.4-2.5c54.7-6,106.2-25.6,106.2-25.6V0H0v30.3c0,0,72,32.6,158.4,30.5c39.2-0.7,92.8-6.7,134-22.4\n\tc21.2-8.1,52.2-18.2,79.7-24.2C399.3,7.9,411.6,7.5,421.9,6.5z\"\/>\n<\/svg>\t\t<\/div>\n\t\t\t\t\t<div class=\"elementor-container elementor-column-gap-default\">\n\t\t\t\t\t<div class=\"elementor-column elementor-col-50 elementor-top-column elementor-element elementor-element-daf9452\" data-id=\"daf9452\" data-element_type=\"column\">\n\t\t\t<div class=\"elementor-widget-wrap elementor-element-populated\">\n\t\t\t\t\t\t\t\t<div class=\"elementor-element elementor-element-9ea4a60 elementor-widget elementor-widget-image\" data-id=\"9ea4a60\" data-element_type=\"widget\" data-widget_type=\"image.default\">\n\t\t\t\t<div class=\"elementor-widget-container\">\n\t\t\t<style>\/*! elementor - v3.14.0 - 26-06-2023 *\/\n.elementor-widget-image{text-align:center}.elementor-widget-image a{display:inline-block}.elementor-widget-image a img[src$=\".svg\"]{width:48px}.elementor-widget-image img{vertical-align:middle;display:inline-block}<\/style>\t\t\t\t\t\t\t\t\t\t\t\t<img decoding=\"async\" width=\"1024\" height=\"1024\" src=\"https:\/\/aulavirtual.omepsco.com\/wp-content\/uploads\/2023\/07\/DALL\u00b7E-2023-07-04-15.11.29-Large-training-seminar-being-attended-by-many-people.png\" class=\"attachment-large size-large wp-image-25394\" alt=\"\" loading=\"lazy\" srcset=\"https:\/\/aulavirtual.omepsco.com\/wp-content\/uploads\/2023\/07\/DALL\u00b7E-2023-07-04-15.11.29-Large-training-seminar-being-attended-by-many-people.png 1024w, https:\/\/aulavirtual.omepsco.com\/wp-content\/uploads\/2023\/07\/DALL\u00b7E-2023-07-04-15.11.29-Large-training-seminar-being-attended-by-many-people-300x300.png 300w, https:\/\/aulavirtual.omepsco.com\/wp-content\/uploads\/2023\/07\/DALL\u00b7E-2023-07-04-15.11.29-Large-training-seminar-being-attended-by-many-people-150x150.png 150w, https:\/\/aulavirtual.omepsco.com\/wp-content\/uploads\/2023\/07\/DALL\u00b7E-2023-07-04-15.11.29-Large-training-seminar-being-attended-by-many-people-768x768.png 768w, https:\/\/aulavirtual.omepsco.com\/wp-content\/uploads\/2023\/07\/DALL\u00b7E-2023-07-04-15.11.29-Large-training-seminar-being-attended-by-many-people-600x600.png 600w, https:\/\/aulavirtual.omepsco.com\/wp-content\/uploads\/2023\/07\/DALL\u00b7E-2023-07-04-15.11.29-Large-training-seminar-being-attended-by-many-people-100x100.png 100w\" sizes=\"(max-width: 1024px) 100vw, 1024px\" \/>\t\t\t\t\t\t\t\t\t\t\t\t\t\t\t<\/div>\n\t\t\t\t<\/div>\n\t\t\t\t\t<\/div>\n\t\t<\/div>\n\t\t\t\t<div class=\"elementor-column elementor-col-50 elementor-top-column elementor-element elementor-element-d72c8c8\" data-id=\"d72c8c8\" data-element_type=\"column\" data-settings=\"{&quot;background_background&quot;:&quot;classic&quot;}\">\n\t\t\t<div class=\"elementor-widget-wrap elementor-element-populated\">\n\t\t\t\t\t\t\t\t<div class=\"elementor-element elementor-element-1ee72fb elementor-position-left elementor-widget__width-initial elementor-vertical-align-top elementor-widget elementor-widget-image-box\" data-id=\"1ee72fb\" data-element_type=\"widget\" data-widget_type=\"image-box.default\">\n\t\t\t\t<div class=\"elementor-widget-container\">\n\t\t\t<div class=\"elementor-image-box-wrapper\"><div class=\"elementor-image-box-content\"><h2 class=\"elementor-image-box-title\">Nuestro Objetivo<\/h2><p class=\"elementor-image-box-description\">Nuestro enfoque se basa en la excelencia y la calidad. A trav\u00e9s de nuestro entrenamiento en pruebas de consumo de droga y alcohol, capacitamos a los profesionales para realizar evaluaciones precisas y confiables, respaldando la toma de decisiones informadas y fomentando entornos laborales saludables.<\/p><\/div><\/div>\t\t<\/div>\n\t\t\t\t<\/div>\n\t\t\t\t<div class=\"elementor-element elementor-element-3c4b297 elementor-widget elementor-widget-text-editor\" data-id=\"3c4b297\" data-element_type=\"widget\" data-widget_type=\"text-editor.default\">\n\t\t\t\t<div class=\"elementor-widget-container\">\n\t\t\t\t\t\t\t<p align=\"justify\"><span style=\"color: #298182;\"><span style=\"font-family: Work Sans, sans-serif;\"><span style=\"font-size: medium;\"><span lang=\"es-CO\">Somos l\u00edderes en el mercado de entrenamiento para pruebas de consumo de droga y alcohol, y nos enorgullece ayudar a empresas de diversos sectores a implementar pol\u00edticas efectivas de detecci\u00f3n y prevenci\u00f3n, promoviendo la seguridad y el bienestar de sus equipos.<\/span><\/span><\/span><\/span><\/p>\t\t\t\t\t\t<\/div>\n\t\t\t\t<\/div>\n\t\t\t\t\t<\/div>\n\t\t<\/div>\n\t\t\t\t\t\t\t<\/div>\n\t\t<\/section>\n\t\t\t\t\t\t\t<\/div>\n\t\t","protected":false},"excerpt":{"rendered":"<p>Acerca de Nosotros En OMEPS estamos dispuestos a ofrecer desde el primer contacto, suministro de producto o servicio, la resoluci\u00f3n de inquietudes y el acompa\u00f1amiento que su empresa necesita, estamos comprometidos con brindar la respuesta a sus requerimientos, garantizando siempre la soluci\u00f3n m\u00e1s econ\u00f3mica y eficiente para su organizaci\u00f3n. Su bienestar y el de su &hellip;<\/p>\n<p class=\"read-more\"> <a class=\"\" href=\"https:\/\/aulavirtual.omepsco.com\/en_us\/about\/\"> <span class=\"screen-reader-text\">Acerca de Nosotros<\/span> Read More &raquo;<\/a><\/p>\n","protected":false},"author":1,"featured_media":0,"parent":0,"menu_order":0,"comment_status":"closed","ping_status":"closed","template":"","meta":{"site-sidebar-layout":"no-sidebar","site-content-layout":"page-builder","ast-global-header-display":"","ast-banner-title-visibility":"","ast-main-header-display":"","ast-hfb-above-header-display":"","ast-hfb-below-header-display":"","ast-hfb-mobile-header-display":"","site-post-title":"disabled","ast-breadcrumbs-content":"","ast-featured-img":"disabled","footer-sml-layout":"","theme-transparent-header-meta":"enabled","adv-header-id-meta":"","stick-header-meta":"","header-above-stick-meta":"","header-main-stick-meta":"","header-below-stick-meta":""},"_links":{"self":[{"href":"https:\/\/aulavirtual.omepsco.com\/en_us\/wp-json\/wp\/v2\/pages\/158"}],"collection":[{"href":"https:\/\/aulavirtual.omepsco.com\/en_us\/wp-json\/wp\/v2\/pages"}],"about":[{"href":"https:\/\/aulavirtual.omepsco.com\/en_us\/wp-json\/wp\/v2\/types\/page"}],"author":[{"embeddable":true,"href":"https:\/\/aulavirtual.omepsco.com\/en_us\/wp-json\/wp\/v2\/users\/1"}],"replies":[{"embeddable":true,"href":"https:\/\/aulavirtual.omepsco.com\/en_us\/wp-json\/wp\/v2\/comments?post=158"}],"version-history":[{"count":32,"href":"https:\/\/aulavirtual.omepsco.com\/en_us\/wp-json\/wp\/v2\/pages\/158\/revisions"}],"predecessor-version":[{"id":25619,"href":"https:\/\/aulavirtual.omepsco.com\/en_us\/wp-json\/wp\/v2\/pages\/158\/revisions\/25619"}],"wp:attachment":[{"href":"https:\/\/aulavirtual.omepsco.com\/en_us\/wp-json\/wp\/v2\/media?parent=158"}],"curies":[{"name":"wp","href":"https:\/\/api.w.org\/{rel}","templated":true}]}}