{"id":25646,"date":"2023-07-10T18:08:32","date_gmt":"2023-07-10T23:08:32","guid":{"rendered":"https:\/\/aulavirtual.omepsco.com\/?page_id=25646"},"modified":"2025-07-30T16:30:22","modified_gmt":"2025-07-30T21:30:22","slug":"politica-de-privacidad","status":"publish","type":"page","link":"https:\/\/aulavirtual.omepsco.com\/en_us\/politica-de-privacidad\/","title":{"rendered":"Pol\u00edtica de Privacidad"},"content":{"rendered":"\n<p>Gracias por acceder a la p\u00e1gina web aulavirtual.omepsco.com operada por Organizacion de Medidas Preventivas de Seguridad S.A.S (en adelante \u201cOMEPS\u201d), sociedad Responsable del Tratamiento de sus Datos Personales, identificada con NIT 900.470.805, con domicilio principal en el municipio de Dosquebradas, Risaralda y cuyas oficinas se encuentran ubicadas en la Calle 20 No.18 \u2013 20 Piso 1 .<\/p>\n\n\n\n<p>En OMEPS, todos los d\u00edas trabajamos para servirle cada vez mejor cuando adquiere nuestros productos o utiliza nuestros servicios. Cuidar los Datos Personales que usted nos comparte es una parte fundamental de esto. Por ello, queremos que est\u00e9 seguro que su informaci\u00f3n est\u00e1 resguardada y protegida con nosotros y conozca c\u00f3mo la usamos para ofrecerle una mejor y m\u00e1s personalizada experiencia de cliente cuando usa nuestros servicios.<\/p>\n\n\n\n<p>Esta Pol\u00edtica de Privacidad explica el Tratamiento que hacemos de sus Datos Personales, a quienes, bajo ciertas condiciones, transferimos y\/o transmitimos sus Datos Personales, como tambi\u00e9n las medidas de seguridad que hemos tomado para protegerlos. Asimismo, explica los derechos que usted tiene como Titular de sus Datos Personales y c\u00f3mo puede ejercerlos.<\/p>\n\n\n\n<p>Lo invitamos a leer detalladamente esta Pol\u00edtica de Privacidad y si tiene alguna duda, le pedimos que por favor nos contacte al correo electr\u00f3nico scliente@omepsco.com,al tel\u00e9fono 57 312 251 5550, o env\u00ede una comunicaci\u00f3n a la Calle 20# 18-20, Piso 1 Dosquebradas, Risaralda.<\/p>\n\n\n\n<p><strong>I.<\/strong><strong>Algunas definiciones que es necesario que conozca:<\/strong><\/p>\n\n\n\n<p>Para efectos de la presente Pol\u00edtica de Privacidad, los t\u00e9rminos que en ella se usan con may\u00fascula, tendr\u00e1n el significado asignado en esta secci\u00f3n, sea que se escriban en plural o singular.<\/p>\n\n\n\n<p><strong>Aliado Comercial:<\/strong>Persona jur\u00eddica o natural que comercializa u ofrece productos y\/o servicios que permiten mejorar la oferta de valor destinada a los clientes de OMEPS c\u00f3mo, por ejemplo, entidades financieras, aseguradoras, establecimientos de comercio al por menor, entre otros.<\/p>\n\n\n\n<p><strong>Autorizaci\u00f3n:<\/strong>Es el consentimiento previo, expreso e informado que usted nos da para llevar a cabo el Tratamiento de sus Datos Personales.<\/p>\n\n\n\n<p><strong>Canales de Atenci\u00f3n:<\/strong>Medios a trav\u00e9s de los cuales usted puede ejercer sus derechos, los cuales son: i) direcci\u00f3n de correo electr\u00f3nico: scliente@omepsco.com; ii) tel\u00e9fono 57 6 3122515550 iii) enviando una comunicaci\u00f3n a la Calle 20 # 18 \u2013 20, Piso 1 de Dosquebradas, Risaralda<\/p>\n\n\n\n<p><strong>Dato Personal:<\/strong>Cualquier informaci\u00f3n vinculada o que pueda asociarse a una o varias personas naturales determinadas o determinables como, por ejemplo: nombre, n\u00famero de identificaci\u00f3n, domicilio, tel\u00e9fono, correo electr\u00f3nico, datos de geolocalizaci\u00f3n, uso y visita del sitio web, historial de navegaci\u00f3n, h\u00e1bitos de compra y datos biom\u00e9tricos, del Titular.<\/p>\n\n\n\n<p><strong>Empresas Relacionadas:<\/strong>Cualquier empresa en la cual OMEPS SAS o sus accionistas posea el 49% o m\u00e1s de su capital, directa o indirectamente o ejerza una influencia dominante.<\/p>\n\n\n\n<p><strong>Encargado del Tratamiento:<\/strong>Persona natural o jur\u00eddica, p\u00fablica o privada, que por s\u00ed misma o en asocio con otros, realice el Tratamiento de Datos Personales por cuenta del Responsable del Tratamiento.<\/p>\n\n\n\n<p><strong>Pol\u00edtica de Privacidad:<\/strong>Significa el presente documento.<\/p>\n\n\n\n<p><strong>Responsable del Tratamiento: Organizaci\u00f3n de Medidas Preventivas de Seguridad SAS<\/strong><\/p>\n\n\n\n<p><strong>Sitio: <\/strong><strong>aulavirtual.omepsco.com<\/strong><\/p>\n\n\n\n<p><strong>Titular: <\/strong>Es la persona natural a la que se refieren los Datos Personales. Para efectos de esta pol\u00edtica, usted es el Titular de los Datos Personales.<\/p>\n\n\n\n<p><strong>Tratamiento o Tratamiento de Datos Personales:<\/strong>Cualquier operaci\u00f3n o conjunto de operaciones sobre los Datos Personales del Titular, tales como la recolecci\u00f3n, almacenamiento, uso, circulaci\u00f3n o supresi\u00f3n.<\/p>\n\n\n\n<p>Al aceptar esta Pol\u00edtica de Privacidad, usted autoriza a OMEPS a tratar sus Datos Personales.<\/p>\n\n\n\n<p>OMEPS solo efectuar\u00e1 el Tratamiento de sus Datos Personales cuando cuente con su Autorizaci\u00f3n y \u00fanicamente para los fines que se indican en la secci\u00f3n V de este documento. Usted podr\u00e1 revocar su autorizaci\u00f3n en cualquier momento, solicit\u00e1ndolo a trav\u00e9s de cualquiera de los medios que se indican en la secci\u00f3n VIII.<\/p>\n\n\n\n<p><strong>III. Transferencia de Datos Personales a Empresas Relacionadas y otros<\/strong><\/p>\n\n\n\n<p>Adicionalmente, al aceptar esta Pol\u00edtica de Privacidad, usted autoriza a OMEPS a compartir sus Datos Personales con las Empresas Relacionadas y con los Aliados Comerciales de OMEPS y a que \u00e9stos los puedan tratar para los fines que se indican en la secci\u00f3n V. No obstante, en cualquier momento, como Titular, podr\u00e1 revocar la autorizaci\u00f3n otorgada u oponerse al env\u00edo de comunicaciones comerciales, solicit\u00e1ndolo por cualquiera de las v\u00edas que se indican en la secci\u00f3n VIII.<\/p>\n\n\n\n<p>Asimismo, en el evento de vender todo o parte del negocio de OMEPS, usted autoriza a OMEPS a transferir al comprador las bases de datos que contienen sus Datos Personales.<\/p>\n\n\n\n<p><strong>IV. OMEPS podr\u00e1 vender o divulgar sus Datos Personales a terceros.<\/strong><\/p>\n\n\n\n<p>OMEPS ser\u00e1 responsable del cumplimiento efectivo de las obligaciones referentes al Tratamiento de Datos Personales por sus Empresas Relacionadas y sus Aliados Comerciales, sin perjuicio de la responsabilidad que a \u00e9stas les corresponda por cualquier incumplimiento de tales obligaciones. Del mismo modo, en caso de que el Tratamiento de Datos Personales se haya de efectuar por empresas proveedoras de servicios para OMEPS, dichas empresas proveedoras deber\u00e1n asumir compromisos de confidencialidad y adoptar medidas que aseguren el debido cumplimiento de la normativa de protecci\u00f3n de Datos Personales, en especial las establecidas en la Ley 1581 de 2012 y su Decreto Reglamentario 1074 de 2015.<\/p>\n\n\n\n<p>Nuestro compromiso es garantizar que todo Tratamiento de Datos Personales que realizamos, se haga siempre respetando los derechos que la Constituci\u00f3n y las leyes le otorgan. Por ello, queremos darle a conocer los principios que nos mueven en esta materia:<\/p>\n\n\n\n<p><strong>Principio de finalidad: <\/strong>El Tratamiento de Datos Personales debe obedecer a una finalidad leg\u00edtima que se informar\u00e1 al Titular.<\/p>\n\n\n\n<p><strong>Principio de libertad:<\/strong>El Tratamiento de Datos Personales solo puede ejercerse con el consentimiento previo, expreso e informado del Titular. Los Datos Personales no podr\u00e1n ser obtenidos o divulgados sin previa autorizaci\u00f3n, o en ausencia de mandato legal o judicial que releve el consentimiento del Titular.<\/p>\n\n\n\n<p><strong>Principio de veracidad o calidad:<\/strong>La informaci\u00f3n sujeta a tratamiento debe ser veraz, completa, exacta, actualizada, comprobable y comprensible. Se proh\u00edbe el Tratamiento de Datos Personales parciales, incompletos, fraccionados o que induzcan a error.<\/p>\n\n\n\n<p><strong>Principio de transparencia: <\/strong><strong>E<\/strong>n el Tratamiento de Datos Personales debe garantizarse el derecho del Titular a obtener de OMEPS, en cualquier momento y sin restricciones, informaci\u00f3n acerca de la existencia de datos que le conciernan.<\/p>\n\n\n\n<p><strong>Principio de acceso y circulaci\u00f3n restringida: <\/strong>Los Datos Personales, salvo la informaci\u00f3n p\u00fablica, no podr\u00e1n estar disponibles en Internet u otros medios de divulgaci\u00f3n o comunicaci\u00f3n masiva, salvo que el acceso sea t\u00e9cnicamente controlable para brindar un conocimiento restringido solo al Titular o a terceros autorizados por aqu\u00e9l.<\/p>\n\n\n\n<p><strong>Principio de seguridad: <\/strong>La informaci\u00f3n sujeta a Tratamiento se deber\u00e1 manejar con las medidas t\u00e9cnicas, humanas y administrativas comercialmente razonables, que sean necesarias para otorgar seguridad a los registros evitando su alteraci\u00f3n, p\u00e9rdida, consulta, uso o acceso no autorizado o fraudulento.<\/p>\n\n\n\n<p><strong>Principio de confidencialidad: <\/strong>Todas las personas que intervengan en el Tratamiento de Datos Personales est\u00e1n obligadas a garantizar la reserva de la informaci\u00f3n, inclusive despu\u00e9s de finalizada su relaci\u00f3n con alguna de las labores que comprende dicho tratamiento.<\/p>\n\n\n\n<p><strong>V.Sus Datos Personales podr\u00e1n ser Tratados por OMEPS, sus Empresas Relacionadas y Aliados Comerciales directamente o a trav\u00e9s de sus proveedores, exclusivamente para:<\/strong><\/p>\n\n\n\n<ol>\n<li>Efectuar las gestiones pertinentes para el desarrollo del objeto social de OMEPS en lo que tiene que ver con el cumplimiento del objeto del contrato celebrado con el Titular.<\/li>\n\n\n\n<li>Dar cumplimiento a obligaciones contra\u00eddas con el Titular.<\/li>\n\n\n\n<li>Suministrar los Datos Personales a terceros con los cuales OMEPS tenga relaci\u00f3n contractual y que sea necesario entreg\u00e1rselos para el cumplimiento del objeto contratado. Por ejemplo, OMEPS puede utilizar terceros para que le ayuden con la entrega de promoci\u00f3n de productos, recaudar sus pagos, enviar productos u operar nuestros sistemas de servicio al cliente.<\/li>\n\n\n\n<li>Preparar, implementar, promocionar y ofrecerle nuevos productos y servicios, o bien, nuevos atributos, modalidades o caracter\u00edsticas a los productos y servicios que ya est\u00e1n a su disposici\u00f3n.<\/li>\n\n\n\n<li>Completar autom\u00e1ticamente los documentos asociados a las transacciones que usted realice en funci\u00f3n de los productos y servicios adquiridos, utilizados o contratados, o que en el futuro adquiera, utilice o contrate, con OMEPS y\/o sus Empresas Relacionadas<\/li>\n\n\n\n<li>Ajustar la oferta de productos y servicios de OMEPS y sus Empresas Relacionadas a su perfil de cliente, o bien, efectuar an\u00e1lisis, reportes y evaluaciones a su respecto<\/li>\n\n\n\n<li>Desarrollar acciones comerciales o servicios post venta, de car\u00e1cter general o dirigidas personalmente a usted, tendientes a mejorar su experiencia como cliente.<\/li>\n\n\n\n<li>Enviar informaci\u00f3n v\u00eda correo f\u00edsico, electr\u00f3nico, mensajes de texto (SMS y\/o MMS), medios digitales tales como Facebook, o \u201cWhatsApp\u201d u otras plataformas similares, al n\u00famero de celular o medio de comunicaci\u00f3n que nos entregue, para enviar la siguiente informaci\u00f3n: ( i ) Acerca de la entrega y estado de sus pedidos realizados en el Sitio; (ii) Para enviarle informaci\u00f3n comercial, o de ofertas o promociones sobre los productos o servicios de OMEPS o de sus Empresas Relacionadas, o para realizar encuestas o confirmar sus Datos Personales; y (iii) Para que puedas hacer uso de los beneficios del programas de fidelizaci\u00f3n por cualquiera de los canales de comunicaci\u00f3n, venta o canje dispuestos, tanto presenciales como remotos.<\/li>\n\n\n\n<li>Compartir los Datos Personales con terceros para el cumplimiento, por parte de OMEPS, de la regulaci\u00f3n de lavado de activos y financiaci\u00f3n del terrorismo.<\/li>\n\n\n\n<li>Compartir los Datos Personales con terceros a efectos de protecci\u00f3n contra el fraude y la reducci\u00f3n de riesgo de cr\u00e9dito.<\/li>\n\n\n\n<li>Compartir los Datos Personales con terceros que tengan la calidad de Aliados Comerciales y Empresas Relacionadas para que puedan ofrecer productos y\/o servicios que permitan mejorar la oferta de valor destinada a los clientes de OMEPS, todo lo anterior de conformidad con lo dispuesto en la Ley 1581 de 2012 y su Decreto Reglamentario 1074 de 2015 Cap\u00edtulo 25.<\/li>\n\n\n\n<li>Transferir datos personales fuera o dentro del pa\u00eds a las Empresas Relacionadas para que \u00e9stas puedan tratar sus Datos Personales de acuerdo a las finalidades consagradas en esta Pol\u00edtica, de conformidad con lo establecido en la secci\u00f3n V de la misma.<\/li>\n\n\n\n<li>Transmitir los Datos Personales dentro o fuera del pa\u00eds a terceros de conformidad con lo establecido en la secci\u00f3n III de esta pol\u00edtica.<\/li>\n<\/ol>\n\n\n\n<ol>\n<li><strong>VI. Transferencia de Datos Personales a Empresas Relacionadas y otros<\/strong><\/li>\n<\/ol>\n\n\n\n<p>En esta secci\u00f3n listamos algunos de los medios a trav\u00e9s de los cuales OMEPS accede a sus Datos Personales:<\/p>\n\n\n\n<ol>\n<li>Cuando usted crea una cuenta en el Sitio.<\/li>\n\n\n\n<li>Cuando usted visita nuestro Sitio, y entrando a trav\u00e9s de su cuenta, navega en la red o adquiere alg\u00fan producto o servicio.<\/li>\n\n\n\n<li>Cuando usted visita nuestro Sitio, y sin entrar a su cuenta, navega en la red o adquiere alg\u00fan producto o servicio.<\/li>\n\n\n\n<li>Cuando usted participa de alg\u00fan programa de fidelidad de OMEPS o de sus Empresas Relacionadas.<\/li>\n\n\n\n<li>Cuando usted completa alg\u00fan formulario o participa en alg\u00fan concurso, encuesta o comenta o hace un \u201creview\u201d respecto de alg\u00fan producto o servicio.<\/li>\n\n\n\n<li>Cuando una Empresa Relacionada previamente autorizada por usted, le comparte a OMEPS Datos Personales que \u00e9sta tiene de usted.<\/li>\n\n\n\n<li>Cuando un tercero, previamente autorizado por usted, le comparte a OMEPS Datos Personales que \u00e9ste tiene de usted.<\/li>\n\n\n\n<li>Cuando por medio de contacto telef\u00f3nico,digital \u00fa otro se solicitan datos para envi\u00f3 de informaci\u00f3n , promociones u otra informaci\u00f3n comercial.<\/li>\n<\/ol>\n\n\n\n<p><strong>VII. Derechos del Titular de Datos Personales de conformidad con la Ley 1581 de 2012<\/strong><\/p>\n\n\n\n<p>Como Titular de sus Datos Personales, usted tiene derecho a:<\/p>\n\n\n\n<ol>\n<li>Conocer, y exigir a OMEPS que actualice, rectifique y suprima los Datos Personales que tiene de usted.<\/li>\n\n\n\n<li>Solicitarle a OMEPS pruebas de la Autorizaci\u00f3n que le otorg\u00f3 para el Tratamiento de sus Datos Personales.<\/li>\n\n\n\n<li>Ser informado por OMEPS, previa solicitud conforme a la secci\u00f3n VIII de esta Pol\u00edtica, respecto del uso que le ha dado a sus Datos Personales.<\/li>\n\n\n\n<li>Presentar consultas ante el Responsable o Encargado del Tratamiento, conforme a lo establecido en la secci\u00f3n VIII siguiente.<\/li>\n\n\n\n<li>Acceder de manera gratuita a los Datos Personales que son objeto de Tratamiento en los t\u00e9rminos del art\u00edculo 21 del Decreto 1377 de 2013<\/li>\n<\/ol>\n\n\n\n<p>No obstante lo anterior, es su deber mantener actualizada la informaci\u00f3n que ha entregado a OMEPS y garantizar, en todo momento, la veracidad de la misma. OMEPS no se har\u00e1 responsable, en ning\u00fan caso, por cualquier tipo de perjuicio o sanci\u00f3n que pudiere derivarse de la inexactitud de dicha informaci\u00f3n.<\/p>\n\n\n\n<p><strong>VIII. Procedimiento para el ejercicio de los Derechos de conformidad a la Ley 1581 de 2012<\/strong><\/p>\n\n\n\n<p>Usted podr\u00e1 ejercer los derechos que se indican en el numeral precedente y todos los dem\u00e1s derechos que confiere la Ley 1581 de 2012, comunic\u00e1ndose con OMEPS a trav\u00e9s del correo electr\u00f3nico scliente@omepsco.com, al tel\u00e9fono 57 312 251 5550, o enviando una comunicaci\u00f3n a la Calle 20 No.18-20 Piso 1, , Dosquebradas, Risaralda. El \u00e1rea de Servicio al Cliente de OMEPS ser\u00e1 la responsable de la atenci\u00f3n de peticiones, consultas y reclamos ante la cual el Titular puede ejercer sus derechos a conocer, actualizar, rectificar y suprimir los Datos Personales y revocar la autorizaci\u00f3n de Tratamiento de Datos Personales.<\/p>\n\n\n\n<p><strong>Consulta<\/strong><\/p>\n\n\n\n<p>En caso que usted desee consultar sus Datos Personales que reposen en nuestras bases de datos, deber\u00e1 comunicarse con OMEPS a trav\u00e9s de los Canales de Atenci\u00f3n y generar la solicitud de consulta de Datos Personales. Para lo anterior, es necesario que al momento de generar la solicitud, indique su n\u00famero de identificaci\u00f3n y sus datos de contacto. OMEPS dar\u00e1 respuesta a la consulta, v\u00eda correo electr\u00f3nico o cualquier medio que considere id\u00f3neo, en un t\u00e9rmino m\u00e1ximo de diez (15) d\u00edas h\u00e1biles contados a partir de la fecha de recibo de la misma. Cuando no fuere posible atender la consulta dentro de dicho t\u00e9rmino, se comunicar\u00e1 esta situaci\u00f3n al Titular, indicando los motivos de la demora y se\u00f1alando la fecha en que se atender\u00e1 su consulta. Esta \u00faltima fecha no superar\u00e1 los diez (10) d\u00edas h\u00e1biles siguientes al vencimiento del primer t\u00e9rmino.<\/p>\n\n\n\n<p><strong>Reclamo por correcci\u00f3n, actualizaci\u00f3n y\/o supresi\u00f3n de Datos Personales<\/strong><\/p>\n\n\n\n<p>En caso que usted desee presentar un reclamo por correcci\u00f3n, actualizaci\u00f3n y\/o supresi\u00f3n de Datos Personales deber\u00e1 comunicarse con OMEPS a trav\u00e9s de los Canales de Atenci\u00f3n. Para lo anterior, es necesario que al momento de generar la solicitud, indique su n\u00famero de identificaci\u00f3n, sus datos de contacto, la descripci\u00f3n de los hechos y aportar la documentaci\u00f3n pertinente que pretenda hacer valer. Si OMEPS estima que para el an\u00e1lisis de la solicitud requiere mayor informaci\u00f3n de parte de usted, proceder\u00e1 a comunicarle tal situaci\u00f3n. Transcurridos dos (2) meses desde la fecha del requerimiento, sin que usted presente la informaci\u00f3n requerida, se entender\u00e1 que ha desistido del reclamo.<\/p>\n\n\n\n<p>OMEPS atender\u00e1 el reclamo en un plazo de quince (15) d\u00edas h\u00e1biles contados a partir de la fecha de su recepci\u00f3n. Cuando no fuere posible atenderlo dentro de dicho t\u00e9rmino, se le informar\u00e1 al Titular los motivos de la demora y la fecha en que se atender\u00e1 su reclamo, la cual en ning\u00fan caso podr\u00e1 superar los diez (10) d\u00edas h\u00e1biles siguientes al vencimiento del primer t\u00e9rmino.<\/p>\n\n\n\n<p>Si usted manifiesta, por cualquiera de los Canales de Atenci\u00f3n, que no desea recibir publicidad, OMEPS proceder\u00e1 a hacer efectiva su solicitud en un t\u00e9rmino de quince (15) d\u00edas h\u00e1biles contados desde la recepci\u00f3n de la misma. De esta manera, usted recibir\u00e1 un correo electr\u00f3nico confirmando la eliminaci\u00f3n de sus Datos Personales de las bases de datos de publicidad de OMEPS. Adicionalmente, se le solicitar\u00e1 que confirme si desea que se elimine su cuenta en OMEPS. El Titular contar\u00e1 con un t\u00e9rmino de quince (15) d\u00edas h\u00e1biles contados desde el env\u00edo del correo para realizar dicha confirmaci\u00f3n. En caso que el Titular confirme que desea que su cuenta OMEPS sea eliminada, o que finalizado el t\u00e9rmino de cinco (5) d\u00edas no responda dicho correo, OMEPS, con el fin de cumplir con la normativa vigente en materia de protecci\u00f3n de datos personales, proceder\u00e1 a eliminar su cuenta OMEPS, en un plazo de quince (15) d\u00edas h\u00e1biles.<\/p>\n\n\n\n<p>La eliminaci\u00f3n de la cuenta OMEPS tendr\u00e1 como consecuencia la eliminaci\u00f3n de todos sus Datos Personales, ocasionando la p\u00e9rdida de todo su historial de compras como, asimismo, de cualquier cup\u00f3n de reembolso o descuento, y cualquier otra informaci\u00f3n personal que OMEPS posea del Titular. La solicitud de supresi\u00f3n de la informaci\u00f3n y la revocatoria de la Autorizaci\u00f3n no proceder\u00e1n cuando exista un deber legal, contractual o comercial, de que usted permanezca en nuestra base de datos.<\/p>\n\n\n\n<p><strong>IX Cookies y su uso por OMEPS<\/strong><\/p>\n\n\n\n<p>En OMEPS usamos cookies y tecnolog\u00edas similares para personalizar y mejorar su experiencia de cliente y para mostrarle publicidad online relevante.Las cookies son peque\u00f1os archivos de texto que contienen un identificador \u00fanico que se almacena en el computador o aparato m\u00f3vil a trav\u00e9s del cual usted accede al Sitio, de manera que aquellos pueden ser reconocidos cada vez que usa el Sitio. Usted puede elegir deshabilitar en cualquier momento algunas o todas las cookies que utilizamos. Sin embargo, esto podr\u00eda restringir su uso del Sitio y limitar su experiencia en el mismo. El uso de cookies no contiene ni afecta Datos Personales y no representa peligro de virus. Si desea obtener m\u00e1s informaci\u00f3n acerca de las cookies, vaya a <a href=\"http:\/\/www.allaboutcookies.org\/\">http:\/\/www.allaboutcookies.org<\/a>.<\/p>\n\n\n\n<p>Si desea obtener informaci\u00f3n sobre la eliminaci\u00f3n de las cookies visite el sitio web http:\/\/www.allaboutcookies.org\/manage-cookies\/index.html.<\/p>\n\n\n\n<p>Para mejorar su experiencia de cliente, el Sitio puede contener publicidad de terceros y enlaces a otros sitios o marcos de otros sitios. Tenga en cuenta que OMEPS no es responsable de las pr\u00e1cticas de privacidad o de contenido de dichos terceros o sitios, por lo que usted debe revisar las pol\u00edticas de privacidad de los mismos.<\/p>\n\n\n\n<p>OMEPS mantiene las salvaguardias f\u00edsicas, electr\u00f3nicas y de procedimiento que exige la normativa legal en relaci\u00f3n con la recolecci\u00f3n, almacenamiento y transferencia de sus Datos Personales y eval\u00faa su efectividad peri\u00f3dicamente. El objetivo de estas salvaguardias es evitar el acceso no autorizado o ilegal o la p\u00e9rdida accidental, destrucci\u00f3n u ocurrencia de da\u00f1os a sus Datos Personales.<\/p>\n\n\n\n<p>Por ello, cuando OMEPS recoge datos a trav\u00e9s del Sitio, lo hace a trav\u00e9s de un servidor seguro que cuenta con programas de protecci\u00f3n. Adem\u00e1s, los procedimientos de seguridad de OMEPS exigen que en ocasiones se le solicite una prueba de identidad antes de poder entregarle informaci\u00f3n de sus Datos Personales. Para el caso de informaci\u00f3n de tarjetas de pago electr\u00f3nico, OMEPS utiliza, adem\u00e1s, sistemas de cifrado Secure Socket Layer (SSL) que codifican la informaci\u00f3n evitando usos fraudulentos. Si bien no es posible garantizar lo anterior, estos sistemas han probado ser efectivos en el manejo de informaci\u00f3n reservada impidiendo el acceso de amenazas externas (i.e. hackers). Sin perjuicio de lo antes se\u00f1alado, le recomendamos no enviar datos de tarjetas de cr\u00e9dito o d\u00e9bito sin cifrar o desde sitios o equipos p\u00fablicos o no seguros. Tenga en cuenta que usted es el \u00fanico responsable de la protecci\u00f3n contra el acceso no autorizado a su contrase\u00f1a y computadora.<\/p>\n\n\n\n<p><strong>X. Vigencia y modificaci\u00f3n de esta Pol\u00edtica de Privacidad<\/strong><\/p>\n\n\n\n<p>La presente pol\u00edtica aplicar\u00e1 a partir del d\u00eda 10 de Julio de 2023 y sus Datos Personales permanecer\u00e1n almacenados solo por el tiempo que sea requerido por Ley, o para el cumplimiento de los fines que han sido autorizados por usted.<\/p>\n\n\n\n<p>Esta Pol\u00edtica podr\u00e1 ser modificada por OMEPS en cualquier momento. Sin perjuicio de lo anterior, OMEPS le informar\u00e1, por los medios que se estime convenientes, de cualquier cambio sustancial con anterioridad a que dicha modificaci\u00f3n entre en vigencia.<\/p>\n","protected":false},"excerpt":{"rendered":"<p>Gracias por acceder a la p\u00e1gina web aulavirtual.omepsco.com operada por Organizacion de Medidas Preventivas de Seguridad S.A.S (en adelante \u201cOMEPS\u201d), sociedad Responsable del Tratamiento de sus Datos Personales, identificada con NIT 900.470.805, con domicilio principal en el municipio de Dosquebradas, Risaralda y cuyas oficinas se encuentran ubicadas en la Calle 20 No.18 \u2013 20 Piso &hellip;<\/p>\n<p class=\"read-more\"> <a class=\"\" href=\"https:\/\/aulavirtual.omepsco.com\/en_us\/politica-de-privacidad\/\"> <span class=\"screen-reader-text\">Pol\u00edtica de Privacidad<\/span> Read More &raquo;<\/a><\/p>\n","protected":false},"author":1,"featured_media":0,"parent":0,"menu_order":0,"comment_status":"closed","ping_status":"closed","template":"","meta":{"site-sidebar-layout":"default","site-content-layout":"default","ast-global-header-display":"","ast-banner-title-visibility":"","ast-main-header-display":"","ast-hfb-above-header-display":"","ast-hfb-below-header-display":"","ast-hfb-mobile-header-display":"","site-post-title":"","ast-breadcrumbs-content":"","ast-featured-img":"","footer-sml-layout":"","theme-transparent-header-meta":"","adv-header-id-meta":"","stick-header-meta":"","header-above-stick-meta":"","header-main-stick-meta":"","header-below-stick-meta":""},"_links":{"self":[{"href":"https:\/\/aulavirtual.omepsco.com\/en_us\/wp-json\/wp\/v2\/pages\/25646"}],"collection":[{"href":"https:\/\/aulavirtual.omepsco.com\/en_us\/wp-json\/wp\/v2\/pages"}],"about":[{"href":"https:\/\/aulavirtual.omepsco.com\/en_us\/wp-json\/wp\/v2\/types\/page"}],"author":[{"embeddable":true,"href":"https:\/\/aulavirtual.omepsco.com\/en_us\/wp-json\/wp\/v2\/users\/1"}],"replies":[{"embeddable":true,"href":"https:\/\/aulavirtual.omepsco.com\/en_us\/wp-json\/wp\/v2\/comments?post=25646"}],"version-history":[{"count":2,"href":"https:\/\/aulavirtual.omepsco.com\/en_us\/wp-json\/wp\/v2\/pages\/25646\/revisions"}],"predecessor-version":[{"id":25911,"href":"https:\/\/aulavirtual.omepsco.com\/en_us\/wp-json\/wp\/v2\/pages\/25646\/revisions\/25911"}],"wp:attachment":[{"href":"https:\/\/aulavirtual.omepsco.com\/en_us\/wp-json\/wp\/v2\/media?parent=25646"}],"curies":[{"name":"wp","href":"https:\/\/api.w.org\/{rel}","templated":true}]}}